{"id":28,"date":"2025-05-09T00:54:41","date_gmt":"2025-05-09T00:54:41","guid":{"rendered":"https:\/\/cmvr.gov.mz\/?page_id=28"},"modified":"2025-08-14T01:55:01","modified_gmt":"2025-08-14T01:55:01","slug":"caixa-electronica-de-participacao","status":"publish","type":"page","link":"https:\/\/cmvr.gov.mz\/index.php\/caixa-electronica-de-participacao\/","title":{"rendered":"Caixa electr\u00f3nica de Participa\u00e7\u00e3o"},"content":{"rendered":"<p>[et_pb_section fb_built=&#8221;1&#8243; _builder_version=&#8221;4.27.4&#8243; _module_preset=&#8221;default&#8221; custom_margin=&#8221;20px||20px||false|false&#8221; custom_padding=&#8221;0px||0px||false|false&#8221; global_module=&#8221;131&#8243; saved_tabs=&#8221;all&#8221; global_colors_info=&#8221;{}&#8221;][et_pb_row column_structure=&#8221;1_4,1_4,1_4,1_4&#8243; _builder_version=&#8221;4.27.4&#8243; _module_preset=&#8221;default&#8221; custom_margin=&#8221;0px||0px||false|false&#8221; custom_padding=&#8221;0px||0px||false|false&#8221; global_colors_info=&#8221;{}&#8221;][et_pb_column type=&#8221;1_4&#8243; _builder_version=&#8221;4.27.4&#8243; _module_preset=&#8221;default&#8221; global_colors_info=&#8221;{}&#8221;][et_pb_image src=&#8221;https:\/\/cmvr.gov.mz\/wp-content\/uploads\/2025\/08\/Monicipio-de-ribaue-logotipo-01.png&#8221; title_text=&#8221;Monicipio-de-ribaue-logotipo-01&#8243; _builder_version=&#8221;4.27.4&#8243; _module_preset=&#8221;default&#8221; custom_padding=&#8221;5px||||false|false&#8221; global_colors_info=&#8221;{}&#8221;][\/et_pb_image][\/et_pb_column][et_pb_column type=&#8221;1_4&#8243; _builder_version=&#8221;4.27.4&#8243; _module_preset=&#8221;default&#8221; global_colors_info=&#8221;{}&#8221;][et_pb_blurb title=&#8221;WhatsApp e Chamadas SMV:&#8221; use_icon=&#8221;on&#8221; font_icon=&#8221;&#xe00b;||divi||400&#8243; icon_color=&#8221;#2662ac&#8221; icon_placement=&#8221;left&#8221; _builder_version=&#8221;4.27.4&#8243; _module_preset=&#8221;default&#8221; header_font=&#8221;Anek Odia||||||||&#8221; header_text_color=&#8221;#2662ac&#8221; body_font=&#8221;Anek Odia||||||||&#8221; custom_margin=&#8221;12px||||false|false&#8221; custom_padding=&#8221;15px||||false|false&#8221; global_colors_info=&#8221;{}&#8221;]<\/p>\n<p>+258 84 00 00 000<\/p>\n<p>[\/et_pb_blurb][\/et_pb_column][et_pb_column type=&#8221;1_4&#8243; _builder_version=&#8221;4.27.4&#8243; _module_preset=&#8221;default&#8221; global_colors_info=&#8221;{}&#8221;][et_pb_blurb title=&#8221;Email SMV:&#8221; use_icon=&#8221;on&#8221; font_icon=&#8221;&#xe010;||divi||400&#8243; icon_color=&#8221;#2662ac&#8221; icon_placement=&#8221;left&#8221; _builder_version=&#8221;4.27.4&#8243; _module_preset=&#8221;default&#8221; header_font=&#8221;Anek Odia||||||||&#8221; header_text_color=&#8221;#2662ac&#8221; body_font=&#8221;Anek Odia||||||||&#8221; custom_margin=&#8221;12px||||false|false&#8221; custom_padding=&#8221;15px||||false|false&#8221; global_colors_info=&#8221;{}&#8221;]<\/p>\n<p>smv@cmvr.gov.mz<\/p>\n<p>[\/et_pb_blurb][\/et_pb_column][et_pb_column type=&#8221;1_4&#8243; _builder_version=&#8221;4.27.4&#8243; _module_preset=&#8221;default&#8221; global_colors_info=&#8221;{}&#8221;][et_pb_button button_url=&#8221;https:\/\/cmvr.gov.mz\/index.php\/secretaria-municipal-virtual\/&#8221; button_text=&#8221;Aceda a SMV aqui&#8221; button_alignment=&#8221;center&#8221; _builder_version=&#8221;4.27.4&#8243; _module_preset=&#8221;default&#8221; custom_button=&#8221;on&#8221; button_text_size=&#8221;18px&#8221; button_text_color=&#8221;#FFFFFF&#8221; button_bg_color=&#8221;#37a811&#8243; button_border_width=&#8221;0px&#8221; button_border_radius=&#8221;39px&#8221; button_font=&#8221;Anek Odia||||||||&#8221; custom_margin=&#8221;18px||||false|false&#8221; custom_padding=&#8221;10px||||false|false&#8221; hover_enabled=&#8221;0&#8243; global_colors_info=&#8221;{}&#8221; sticky_enabled=&#8221;0&#8243;][\/et_pb_button][\/et_pb_column][\/et_pb_row][\/et_pb_section][et_pb_section fb_built=&#8221;1&#8243; fullwidth=&#8221;on&#8221; _builder_version=&#8221;4.27.4&#8243; _module_preset=&#8221;default&#8221; global_module=&#8221;132&#8243; saved_tabs=&#8221;all&#8221; global_colors_info=&#8221;{}&#8221;][et_pb_fullwidth_menu active_link_color=&#8221;#FFFFFF&#8221; dropdown_menu_bg_color=&#8221;#FFFFFF&#8221; dropdown_menu_line_color=&#8221;#FFFFFF&#8221; dropdown_menu_active_link_color=&#8221;#FFFFFF&#8221; mobile_menu_bg_color=&#8221;#FFFFFF&#8221; _builder_version=&#8221;4.27.4&#8243; _module_preset=&#8221;default&#8221; menu_font=&#8221;Anek Odia|||on|||||&#8221; menu_text_color=&#8221;#FFFFFF&#8221; menu_font_size=&#8221;18px&#8221; background_color=&#8221;#2662ac&#8221; text_orientation=&#8221;center&#8221; global_colors_info=&#8221;{}&#8221;][\/et_pb_fullwidth_menu][\/et_pb_section][et_pb_section fb_built=&#8221;1&#8243; _builder_version=&#8221;4.27.4&#8243; _module_preset=&#8221;default&#8221; global_colors_info=&#8221;{}&#8221;][et_pb_row _builder_version=&#8221;4.27.4&#8243; _module_preset=&#8221;default&#8221; global_colors_info=&#8221;{}&#8221;][et_pb_column type=&#8221;4_4&#8243; _builder_version=&#8221;4.27.4&#8243; _module_preset=&#8221;default&#8221; global_colors_info=&#8221;{}&#8221;][et_pb_text _builder_version=&#8221;4.27.4&#8243; _module_preset=&#8221;default&#8221; text_font=&#8221;Albert Sans|800||on|||||&#8221; text_text_color=&#8221;#2662ac&#8221; text_font_size=&#8221;48px&#8221; text_orientation=&#8221;center&#8221; hover_enabled=&#8221;0&#8243; global_colors_info=&#8221;{}&#8221; sticky_enabled=&#8221;0&#8243;]<\/p>\n<p>CAIXA ELETR\u00d3NICA DE PARTICIPA\u00c7\u00c3O<\/p>\n<p>[\/et_pb_text][\/et_pb_column][\/et_pb_row][et_pb_row _builder_version=&#8221;4.27.4&#8243; _module_preset=&#8221;default&#8221; custom_margin=&#8221;||0px||false|false&#8221; custom_padding=&#8221;||0px||false|false&#8221; global_colors_info=&#8221;{}&#8221;][et_pb_column type=&#8221;4_4&#8243; _builder_version=&#8221;4.27.4&#8243; _module_preset=&#8221;default&#8221; global_colors_info=&#8221;{}&#8221;][et_pb_divider color=&#8221;#2662ac&#8221; divider_weight=&#8221;3px&#8221; _builder_version=&#8221;4.27.4&#8243; _module_preset=&#8221;default&#8221; hover_enabled=&#8221;0&#8243; global_colors_info=&#8221;{}&#8221; sticky_enabled=&#8221;0&#8243;][\/et_pb_divider][\/et_pb_column][\/et_pb_row][et_pb_row _builder_version=&#8221;4.27.4&#8243; _module_preset=&#8221;default&#8221; global_colors_info=&#8221;{}&#8221;][et_pb_column type=&#8221;4_4&#8243; _builder_version=&#8221;4.27.4&#8243; _module_preset=&#8221;default&#8221; global_colors_info=&#8221;{}&#8221;][et_pb_text _builder_version=&#8221;4.27.4&#8243; _module_preset=&#8221;default&#8221; text_font=&#8221;Anek Odia||||||||&#8221; text_font_size=&#8221;18px&#8221; text_orientation=&#8221;justified&#8221; global_colors_info=&#8221;{}&#8221;]<\/p>\n<p>Caro\/a mun\u00edcipe, a caixa eletr\u00f3nica \u00e9 uma janela p\u00fablica que lhe permite participar na gest\u00e3o municipal, por exemplo, identifica\u00e7\u00e3o das necessidades, planifica\u00e7\u00e3o e or\u00e7amenta\u00e7\u00e3o, defini\u00e7\u00e3o de prioridades e monitoria da execu\u00e7\u00e3o do Plano e Or\u00e7amento Aut\u00e1rquico (POA).<\/p>\n<p>[\/et_pb_text][\/et_pb_column][\/et_pb_row][et_pb_row column_structure=&#8221;1_3,2_3&#8243; _builder_version=&#8221;4.27.4&#8243; _module_preset=&#8221;default&#8221; custom_padding=&#8221;|0px||||&#8221; global_colors_info=&#8221;{}&#8221;][et_pb_column type=&#8221;1_3&#8243; _builder_version=&#8221;4.27.4&#8243; _module_preset=&#8221;default&#8221; global_colors_info=&#8221;{}&#8221;][et_pb_image src=&#8221;https:\/\/cmvr.gov.mz\/wp-content\/uploads\/2025\/08\/participacao-ribaue-01.png&#8221; title_text=&#8221;participacao-ribaue-01&#8243; _builder_version=&#8221;4.27.4&#8243; _module_preset=&#8221;default&#8221; hover_enabled=&#8221;0&#8243; global_colors_info=&#8221;{}&#8221; sticky_enabled=&#8221;0&#8243;][\/et_pb_image][\/et_pb_column][et_pb_column type=&#8221;2_3&#8243; _builder_version=&#8221;4.27.4&#8243; _module_preset=&#8221;default&#8221; global_colors_info=&#8221;{}&#8221;][wpforms_selector form_id=&#8221;187&#8243; show_title=&#8221;off&#8221; show_desc=&#8221;off&#8221; _builder_version=&#8221;4.27.4&#8243; _module_preset=&#8221;default&#8221; module_alignment=&#8221;center&#8221; global_colors_info=&#8221;{}&#8221;][\/wpforms_selector][\/et_pb_column][\/et_pb_row][\/et_pb_section][et_pb_section fb_built=&#8221;1&#8243; _builder_version=&#8221;4.27.4&#8243; _module_preset=&#8221;default&#8221; background_color=&#8221;#2662ac&#8221; hover_enabled=&#8221;0&#8243; global_colors_info=&#8221;{}&#8221; sticky_enabled=&#8221;0&#8243;][\/et_pb_section]<\/p>\n","protected":false},"excerpt":{"rendered":"<p>+258 84 00 00 000smv@cmvr.gov.mzCAIXA ELETR\u00d3NICA DE PARTICIPA\u00c7\u00c3OCaro\/a mun\u00edcipe, a caixa eletr\u00f3nica \u00e9 uma janela p\u00fablica que lhe permite participar na gest\u00e3o municipal, por exemplo, identifica\u00e7\u00e3o das necessidades, planifica\u00e7\u00e3o e or\u00e7amenta\u00e7\u00e3o, defini\u00e7\u00e3o de prioridades e monitoria da execu\u00e7\u00e3o do Plano e Or\u00e7amento Aut\u00e1rquico (POA).<div class=\"et_pb_module wpforms_selector wpforms_selector_0\">\n\t\t\t\t\n\t\t\t\t\n\t\t\t\t\n\t\t\t\t\n\t\t\t\t\n\t\t\t\t\n\t\t\t\t<div class=\"et_pb_module_inner\">\n\t\t\t\t\t<style id=\"wpforms-css-vars-187\">\n\t\t\t\t#wpforms-187 {\n\t\t\t\t\n\t\t\t}\n\t\t\t<\/style><div class=\"wpforms-container wpforms-container-full wpforms-render-modern\" id=\"wpforms-187\"><form id=\"wpforms-form-187\" class=\"wpforms-validate wpforms-form wpforms-ajax-form\" data-formid=\"187\" method=\"post\" enctype=\"multipart\/form-data\" action=\"\/index.php\/wp-json\/wp\/v2\/pages\/28\" data-token=\"cf5fb0faa6405448e4ce8f8419889ba7\" data-token-time=\"1778518259\"><noscript class=\"wpforms-error-noscript\">Ative o JavaScript no seu navegador para preencher este formul\u00e1rio.<\/noscript><div id=\"wpforms-error-noscript\" style=\"display: none;\">Ative o JavaScript no seu navegador para preencher este formul\u00e1rio.<\/div><div class=\"wpforms-field-container\"><div id=\"wpforms-187-field_1-container\" class=\"wpforms-field wpforms-field-name\" data-field-id=\"1\"><label class=\"wpforms-field-label\" for=\"wpforms-187-field_1\">Name <span class=\"wpforms-required-label\" aria-hidden=\"true\">*<\/span><\/label><input type=\"text\" id=\"wpforms-187-field_1\" class=\"wpforms-field-large wpforms-field-required\" name=\"wpforms[fields][1]\" aria-errormessage=\"wpforms-187-field_1-error\" required><\/div><div id=\"wpforms-187-field_4-container\" class=\"wpforms-field wpforms-field-radio\" data-field-id=\"4\"><fieldset><legend class=\"wpforms-field-label\">Anonimato<\/legend><ul id=\"wpforms-187-field_4\"><li class=\"choice-1 depth-1\"><input type=\"radio\" id=\"wpforms-187-field_4_1\" name=\"wpforms[fields][4]\" value=\"Anonimato\" aria-errormessage=\"wpforms-187-field_4_1-error\"  ><label class=\"wpforms-field-label-inline\" for=\"wpforms-187-field_4_1\">Anonimato<\/label><\/li><\/ul><\/fieldset><\/div><div id=\"wpforms-187-field_9-container\" class=\"wpforms-field wpforms-field-radio wpforms-list-inline\" data-field-id=\"9\"><fieldset><legend class=\"wpforms-field-label\">G\u00e9nero <span class=\"wpforms-required-label\" aria-hidden=\"true\">*<\/span><\/legend><ul id=\"wpforms-187-field_9\" class=\"wpforms-field-required\"><li class=\"choice-1 depth-1\"><input type=\"radio\" id=\"wpforms-187-field_9_1\" name=\"wpforms[fields][9]\" value=\"Masculino\" aria-errormessage=\"wpforms-187-field_9_1-error\" required ><label class=\"wpforms-field-label-inline\" for=\"wpforms-187-field_9_1\">Masculino<\/label><\/li><li class=\"choice-2 depth-1\"><input type=\"radio\" id=\"wpforms-187-field_9_2\" name=\"wpforms[fields][9]\" value=\"Feminino\" aria-errormessage=\"wpforms-187-field_9_2-error\" required ><label class=\"wpforms-field-label-inline\" for=\"wpforms-187-field_9_2\">Feminino<\/label><\/li><li class=\"choice-3 depth-1\"><input type=\"radio\" id=\"wpforms-187-field_9_3\" name=\"wpforms[fields][9]\" value=\"Outro\" aria-errormessage=\"wpforms-187-field_9_3-error\" required ><label class=\"wpforms-field-label-inline\" for=\"wpforms-187-field_9_3\">Outro<\/label><\/li><\/ul><\/fieldset><\/div><div id=\"wpforms-187-field_10-container\" class=\"wpforms-field wpforms-field-radio\" data-field-id=\"10\"><fieldset><legend class=\"wpforms-field-label\">Faixa Et\u00e1ria <span class=\"wpforms-required-label\" aria-hidden=\"true\">*<\/span><\/legend><ul id=\"wpforms-187-field_10\" class=\"wpforms-field-required\"><li class=\"choice-1 depth-1\"><input type=\"radio\" id=\"wpforms-187-field_10_1\" name=\"wpforms[fields][10]\" value=\"18 \u2013 35\" aria-errormessage=\"wpforms-187-field_10_1-error\" required ><label class=\"wpforms-field-label-inline\" for=\"wpforms-187-field_10_1\">18 \u2013 35<\/label><\/li><li class=\"choice-2 depth-1\"><input type=\"radio\" id=\"wpforms-187-field_10_2\" name=\"wpforms[fields][10]\" value=\"35 \u2013 50\" aria-errormessage=\"wpforms-187-field_10_2-error\" required ><label class=\"wpforms-field-label-inline\" for=\"wpforms-187-field_10_2\">35 \u2013 50<\/label><\/li><li class=\"choice-3 depth-1\"><input type=\"radio\" id=\"wpforms-187-field_10_3\" name=\"wpforms[fields][10]\" value=\"50 \u2013 60\" aria-errormessage=\"wpforms-187-field_10_3-error\" required ><label class=\"wpforms-field-label-inline\" for=\"wpforms-187-field_10_3\">50 \u2013 60<\/label><\/li><li class=\"choice-4 depth-1\"><input type=\"radio\" id=\"wpforms-187-field_10_4\" name=\"wpforms[fields][10]\" value=\"60 +\" aria-errormessage=\"wpforms-187-field_10_4-error\" required ><label class=\"wpforms-field-label-inline\" for=\"wpforms-187-field_10_4\">60 +<\/label><\/li><\/ul><\/fieldset><\/div>\t\t<div id=\"wpforms-187-field_2-container\"\n\t\t\tclass=\"wpforms-field wpforms-field-text\"\n\t\t\tdata-field-type=\"text\"\n\t\t\tdata-field-id=\"2\"\n\t\t\t>\n\t\t\t<label class=\"wpforms-field-label\" for=\"wpforms-187-field_2\" >suas Bairro o<\/label>\n\t\t\t<input type=\"text\" id=\"wpforms-187-field_2\" class=\"wpforms-field-medium\" name=\"wpforms[fields][2]\" >\n\t\t<\/div>\n\t\t<div id=\"wpforms-187-field_11-container\" class=\"wpforms-field wpforms-field-text\" data-field-id=\"11\"><label class=\"wpforms-field-label\" for=\"wpforms-187-field_11\">Bairro de Resid\u00eancia<\/label><input type=\"text\" id=\"wpforms-187-field_11\" class=\"wpforms-field-large\" name=\"wpforms[fields][11]\" aria-errormessage=\"wpforms-187-field_11-error\" ><\/div><div id=\"wpforms-187-field_12-container\" class=\"wpforms-field wpforms-field-radio\" data-field-id=\"12\"><fieldset><legend class=\"wpforms-field-label\">Possui alguma defici\u00eancia <span class=\"wpforms-required-label\" aria-hidden=\"true\">*<\/span><\/legend><ul id=\"wpforms-187-field_12\" class=\"wpforms-field-required\"><li class=\"choice-1 depth-1\"><input type=\"radio\" id=\"wpforms-187-field_12_1\" name=\"wpforms[fields][12]\" value=\"Sim\" aria-errormessage=\"wpforms-187-field_12_1-error\" required ><label class=\"wpforms-field-label-inline\" for=\"wpforms-187-field_12_1\">Sim<\/label><\/li><li class=\"choice-2 depth-1\"><input type=\"radio\" id=\"wpforms-187-field_12_2\" name=\"wpforms[fields][12]\" value=\"N\u00e3o\" aria-errormessage=\"wpforms-187-field_12_2-error\" required ><label class=\"wpforms-field-label-inline\" for=\"wpforms-187-field_12_2\">N\u00e3o<\/label><\/li><\/ul><\/fieldset><\/div><div id=\"wpforms-187-field_13-container\" class=\"wpforms-field wpforms-field-checkbox wpforms-list-2-columns\" data-field-id=\"13\"><fieldset><legend class=\"wpforms-field-label\">Deixe ficar as suas propostas ou demandas de projetos que gostaria de ver no seu bairro a constar do plano e or\u00e7amento aut\u00e1rquico (2026) NB: Indique pelo menos tr\u00eas (3) propostas * <span class=\"wpforms-required-label\" aria-hidden=\"true\">*<\/span><\/legend><ul id=\"wpforms-187-field_13\" class=\"wpforms-field-required\"><li class=\"choice-1 depth-1\"><input type=\"checkbox\" id=\"wpforms-187-field_13_1\" name=\"wpforms[fields][13][]\" value=\"Fonte de abastecimento de \u00e1gua\" aria-errormessage=\"wpforms-187-field_13_1-error\" required ><label class=\"wpforms-field-label-inline\" for=\"wpforms-187-field_13_1\">Fonte de abastecimento de \u00e1gua<\/label><\/li><li class=\"choice-4 depth-1\"><input type=\"checkbox\" id=\"wpforms-187-field_13_4\" name=\"wpforms[fields][13][]\" value=\"Ilumina\u00e7\u00e3o publica\" aria-errormessage=\"wpforms-187-field_13_4-error\" required ><label class=\"wpforms-field-label-inline\" for=\"wpforms-187-field_13_4\">Ilumina\u00e7\u00e3o publica<\/label><\/li><li class=\"choice-5 depth-1\"><input type=\"checkbox\" id=\"wpforms-187-field_13_5\" name=\"wpforms[fields][13][]\" value=\"Valas de drenagem\" aria-errormessage=\"wpforms-187-field_13_5-error\" required ><label class=\"wpforms-field-label-inline\" for=\"wpforms-187-field_13_5\">Valas de drenagem<\/label><\/li><li class=\"choice-6 depth-1\"><input type=\"checkbox\" id=\"wpforms-187-field_13_6\" name=\"wpforms[fields][13][]\" value=\"Melhoria de Vias de acesso\/estradas\" aria-errormessage=\"wpforms-187-field_13_6-error\" required ><label class=\"wpforms-field-label-inline\" for=\"wpforms-187-field_13_6\">Melhoria de Vias de acesso\/estradas<\/label><\/li><li class=\"choice-7 depth-1\"><input type=\"checkbox\" id=\"wpforms-187-field_13_7\" name=\"wpforms[fields][13][]\" value=\"Transporte publico\" aria-errormessage=\"wpforms-187-field_13_7-error\" required ><label class=\"wpforms-field-label-inline\" for=\"wpforms-187-field_13_7\">Transporte publico<\/label><\/li><li class=\"choice-9 depth-1\"><input type=\"checkbox\" id=\"wpforms-187-field_13_9\" name=\"wpforms[fields][13][]\" value=\"Gest\u00e3o de res\u00edduos s\u00f3lidos\" aria-errormessage=\"wpforms-187-field_13_9-error\" required ><label class=\"wpforms-field-label-inline\" for=\"wpforms-187-field_13_9\">Gest\u00e3o de res\u00edduos s\u00f3lidos<\/label><\/li><li class=\"choice-10 depth-1\"><input type=\"checkbox\" id=\"wpforms-187-field_13_10\" name=\"wpforms[fields][13][]\" value=\"Parcelamento de terras\" aria-errormessage=\"wpforms-187-field_13_10-error\" required ><label class=\"wpforms-field-label-inline\" for=\"wpforms-187-field_13_10\">Parcelamento de terras<\/label><\/li><li class=\"choice-11 depth-1\"><input type=\"checkbox\" id=\"wpforms-187-field_13_11\" name=\"wpforms[fields][13][]\" value=\"Sanit\u00e1rio publico\" aria-errormessage=\"wpforms-187-field_13_11-error\" required ><label class=\"wpforms-field-label-inline\" for=\"wpforms-187-field_13_11\">Sanit\u00e1rio publico<\/label><\/li><li class=\"choice-12 depth-1\"><input type=\"checkbox\" id=\"wpforms-187-field_13_12\" name=\"wpforms[fields][13][]\" value=\"Espa\u00e7os p\u00fablicos\" aria-errormessage=\"wpforms-187-field_13_12-error\" required ><label class=\"wpforms-field-label-inline\" for=\"wpforms-187-field_13_12\">Espa\u00e7os p\u00fablicos<\/label><\/li><\/ul><\/fieldset><\/div><div id=\"wpforms-187-field_14-container\" class=\"wpforms-field wpforms-field-radio wpforms-list-inline\" data-field-id=\"14\"><fieldset><legend class=\"wpforms-field-label\">Defina o n\u00edvel de prioridade <span class=\"wpforms-required-label\" aria-hidden=\"true\">*<\/span><\/legend><ul id=\"wpforms-187-field_14\" class=\"wpforms-field-required\"><li class=\"choice-1 depth-1\"><input type=\"radio\" id=\"wpforms-187-field_14_1\" name=\"wpforms[fields][14]\" value=\"Alta\" aria-errormessage=\"wpforms-187-field_14_1-error\" required ><label class=\"wpforms-field-label-inline\" for=\"wpforms-187-field_14_1\">Alta<\/label><\/li><li class=\"choice-2 depth-1\"><input type=\"radio\" id=\"wpforms-187-field_14_2\" name=\"wpforms[fields][14]\" value=\"Media\" aria-errormessage=\"wpforms-187-field_14_2-error\" required ><label class=\"wpforms-field-label-inline\" for=\"wpforms-187-field_14_2\">Media<\/label><\/li><li class=\"choice-3 depth-1\"><input type=\"radio\" id=\"wpforms-187-field_14_3\" name=\"wpforms[fields][14]\" value=\"Baixa\" aria-errormessage=\"wpforms-187-field_14_3-error\" required ><label class=\"wpforms-field-label-inline\" for=\"wpforms-187-field_14_3\">Baixa<\/label><\/li><\/ul><\/fieldset><\/div><div id=\"wpforms-187-field_15-container\" class=\"wpforms-field wpforms-field-textarea\" data-field-id=\"15\"><label class=\"wpforms-field-label\" for=\"wpforms-187-field_15\">Escreva uma mensagem<\/label><textarea id=\"wpforms-187-field_15\" class=\"wpforms-field-medium\" name=\"wpforms[fields][15]\" aria-errormessage=\"wpforms-187-field_15-error\" ><\/textarea><\/div><script>\n\t\t\t\t( function() {\n\t\t\t\t\tconst style = document.createElement( 'style' );\n\t\t\t\t\tstyle.appendChild( document.createTextNode( '#wpforms-187-field_2-container { position: absolute !important; overflow: hidden !important; display: inline !important; height: 1px !important; width: 1px !important; z-index: -1000 !important; padding: 0 !important; } #wpforms-187-field_2-container input { visibility: hidden; } #wpforms-conversational-form-page #wpforms-187-field_2-container label { counter-increment: none; }' ) );\n\t\t\t\t\tdocument.head.appendChild( style );\n\t\t\t\t\tdocument.currentScript?.remove();\n\t\t\t\t} )();\n\t\t\t<\/script><\/div><!-- .wpforms-field-container --><div class=\"wpforms-submit-container\" ><input type=\"hidden\" name=\"wpforms[id]\" value=\"187\"><input type=\"hidden\" name=\"page_title\" value=\"\"><input type=\"hidden\" name=\"page_url\" value=\"https:\/\/cmvr.gov.mz\/index.php\/wp-json\/wp\/v2\/pages\/28\"><input type=\"hidden\" name=\"url_referer\" value=\"\"><button type=\"submit\" name=\"wpforms[submit]\" id=\"wpforms-submit-187\" class=\"wpforms-submit\" data-alt-text=\"Sending...\" data-submit-text=\"Enviar Proposta\" aria-live=\"assertive\" value=\"wpforms-submit\">Enviar Proposta<\/button><img loading=\"lazy\" decoding=\"async\" src=\"https:\/\/cmvr.gov.mz\/wp-content\/plugins\/wpforms-lite\/assets\/images\/submit-spin.svg\" class=\"wpforms-submit-spinner\" style=\"display: none;\" width=\"26\" height=\"26\" alt=\"Carregando\"><\/div><\/form><\/div>  <!-- .wpforms-container -->\n\t\t\t\t<\/div>\n\t\t\t<\/div><\/p>\n","protected":false},"author":1,"featured_media":0,"parent":0,"menu_order":0,"comment_status":"closed","ping_status":"closed","template":"","meta":{"_et_pb_use_builder":"on","_et_pb_old_content":"","_et_gb_content_width":"","footnotes":""},"class_list":["post-28","page","type-page","status-publish","hentry"],"_links":{"self":[{"href":"https:\/\/cmvr.gov.mz\/index.php\/wp-json\/wp\/v2\/pages\/28","targetHints":{"allow":["GET"]}}],"collection":[{"href":"https:\/\/cmvr.gov.mz\/index.php\/wp-json\/wp\/v2\/pages"}],"about":[{"href":"https:\/\/cmvr.gov.mz\/index.php\/wp-json\/wp\/v2\/types\/page"}],"author":[{"embeddable":true,"href":"https:\/\/cmvr.gov.mz\/index.php\/wp-json\/wp\/v2\/users\/1"}],"replies":[{"embeddable":true,"href":"https:\/\/cmvr.gov.mz\/index.php\/wp-json\/wp\/v2\/comments?post=28"}],"version-history":[{"count":13,"href":"https:\/\/cmvr.gov.mz\/index.php\/wp-json\/wp\/v2\/pages\/28\/revisions"}],"predecessor-version":[{"id":258,"href":"https:\/\/cmvr.gov.mz\/index.php\/wp-json\/wp\/v2\/pages\/28\/revisions\/258"}],"wp:attachment":[{"href":"https:\/\/cmvr.gov.mz\/index.php\/wp-json\/wp\/v2\/media?parent=28"}],"curies":[{"name":"wp","href":"https:\/\/api.w.org\/{rel}","templated":true}]}}