{"id":26,"date":"2025-05-09T00:53:30","date_gmt":"2025-05-09T00:53:30","guid":{"rendered":"https:\/\/cmvr.gov.mz\/?page_id=26"},"modified":"2025-08-14T01:34:34","modified_gmt":"2025-08-14T01:34:34","slug":"secretaria-municipal-virtual","status":"publish","type":"page","link":"https:\/\/cmvr.gov.mz\/index.php\/secretaria-municipal-virtual\/","title":{"rendered":"Secretaria Municipal Virtual"},"content":{"rendered":"<p>[et_pb_section fb_built=&#8221;1&#8243; _builder_version=&#8221;4.27.4&#8243; _module_preset=&#8221;default&#8221; custom_margin=&#8221;20px||20px||false|false&#8221; custom_padding=&#8221;0px||0px||false|false&#8221; global_module=&#8221;131&#8243; saved_tabs=&#8221;all&#8221; global_colors_info=&#8221;{}&#8221;][et_pb_row column_structure=&#8221;1_4,1_4,1_4,1_4&#8243; _builder_version=&#8221;4.27.4&#8243; _module_preset=&#8221;default&#8221; custom_margin=&#8221;0px||0px||false|false&#8221; custom_padding=&#8221;0px||0px||false|false&#8221; global_colors_info=&#8221;{}&#8221;][et_pb_column type=&#8221;1_4&#8243; _builder_version=&#8221;4.27.4&#8243; _module_preset=&#8221;default&#8221; global_colors_info=&#8221;{}&#8221;][et_pb_image src=&#8221;https:\/\/cmvr.gov.mz\/wp-content\/uploads\/2025\/08\/Monicipio-de-ribaue-logotipo-01.png&#8221; title_text=&#8221;Monicipio-de-ribaue-logotipo-01&#8243; _builder_version=&#8221;4.27.4&#8243; _module_preset=&#8221;default&#8221; custom_padding=&#8221;5px||||false|false&#8221; global_colors_info=&#8221;{}&#8221;][\/et_pb_image][\/et_pb_column][et_pb_column type=&#8221;1_4&#8243; _builder_version=&#8221;4.27.4&#8243; _module_preset=&#8221;default&#8221; global_colors_info=&#8221;{}&#8221;][et_pb_blurb title=&#8221;WhatsApp e Chamadas SMV:&#8221; use_icon=&#8221;on&#8221; font_icon=&#8221;&#xe00b;||divi||400&#8243; icon_color=&#8221;#2662ac&#8221; icon_placement=&#8221;left&#8221; _builder_version=&#8221;4.27.4&#8243; _module_preset=&#8221;default&#8221; header_font=&#8221;Anek Odia||||||||&#8221; header_text_color=&#8221;#2662ac&#8221; body_font=&#8221;Anek Odia||||||||&#8221; custom_margin=&#8221;12px||||false|false&#8221; custom_padding=&#8221;15px||||false|false&#8221; global_colors_info=&#8221;{}&#8221;]<\/p>\n<p>+258 84 00 00 000<\/p>\n<p>[\/et_pb_blurb][\/et_pb_column][et_pb_column type=&#8221;1_4&#8243; _builder_version=&#8221;4.27.4&#8243; _module_preset=&#8221;default&#8221; global_colors_info=&#8221;{}&#8221;][et_pb_blurb title=&#8221;Email SMV:&#8221; use_icon=&#8221;on&#8221; font_icon=&#8221;&#xe010;||divi||400&#8243; icon_color=&#8221;#2662ac&#8221; icon_placement=&#8221;left&#8221; _builder_version=&#8221;4.27.4&#8243; _module_preset=&#8221;default&#8221; header_font=&#8221;Anek Odia||||||||&#8221; header_text_color=&#8221;#2662ac&#8221; body_font=&#8221;Anek Odia||||||||&#8221; custom_margin=&#8221;12px||||false|false&#8221; custom_padding=&#8221;15px||||false|false&#8221; global_colors_info=&#8221;{}&#8221;]<\/p>\n<p>smv@cmvr.gov.mz<\/p>\n<p>[\/et_pb_blurb][\/et_pb_column][et_pb_column type=&#8221;1_4&#8243; _builder_version=&#8221;4.27.4&#8243; _module_preset=&#8221;default&#8221; global_colors_info=&#8221;{}&#8221;][et_pb_button button_url=&#8221;https:\/\/cmvr.gov.mz\/index.php\/secretaria-municipal-virtual\/&#8221; button_text=&#8221;Aceda a SMV aqui&#8221; button_alignment=&#8221;center&#8221; _builder_version=&#8221;4.27.4&#8243; _module_preset=&#8221;default&#8221; custom_button=&#8221;on&#8221; button_text_size=&#8221;18px&#8221; button_text_color=&#8221;#FFFFFF&#8221; button_bg_color=&#8221;#37a811&#8243; button_border_width=&#8221;0px&#8221; button_border_radius=&#8221;39px&#8221; button_font=&#8221;Anek Odia||||||||&#8221; custom_margin=&#8221;18px||||false|false&#8221; custom_padding=&#8221;10px||||false|false&#8221; hover_enabled=&#8221;0&#8243; global_colors_info=&#8221;{}&#8221; sticky_enabled=&#8221;0&#8243;][\/et_pb_button][\/et_pb_column][\/et_pb_row][\/et_pb_section][et_pb_section fb_built=&#8221;1&#8243; fullwidth=&#8221;on&#8221; _builder_version=&#8221;4.27.4&#8243; _module_preset=&#8221;default&#8221; global_module=&#8221;132&#8243; saved_tabs=&#8221;all&#8221; global_colors_info=&#8221;{}&#8221;][et_pb_fullwidth_menu active_link_color=&#8221;#FFFFFF&#8221; dropdown_menu_bg_color=&#8221;#FFFFFF&#8221; dropdown_menu_line_color=&#8221;#FFFFFF&#8221; dropdown_menu_active_link_color=&#8221;#FFFFFF&#8221; mobile_menu_bg_color=&#8221;#FFFFFF&#8221; _builder_version=&#8221;4.27.4&#8243; _module_preset=&#8221;default&#8221; menu_font=&#8221;Anek Odia|||on|||||&#8221; menu_text_color=&#8221;#FFFFFF&#8221; menu_font_size=&#8221;18px&#8221; background_color=&#8221;#2662ac&#8221; text_orientation=&#8221;center&#8221; global_colors_info=&#8221;{}&#8221;][\/et_pb_fullwidth_menu][\/et_pb_section][et_pb_section fb_built=&#8221;1&#8243; _builder_version=&#8221;4.27.4&#8243; _module_preset=&#8221;default&#8221; global_colors_info=&#8221;{}&#8221;][et_pb_row _builder_version=&#8221;4.27.4&#8243; _module_preset=&#8221;default&#8221; global_colors_info=&#8221;{}&#8221;][et_pb_column type=&#8221;4_4&#8243; _builder_version=&#8221;4.27.4&#8243; _module_preset=&#8221;default&#8221; global_colors_info=&#8221;{}&#8221;][et_pb_text _builder_version=&#8221;4.27.4&#8243; _module_preset=&#8221;default&#8221; text_font=&#8221;Albert Sans|800||on|||||&#8221; text_text_color=&#8221;#2662ac&#8221; text_font_size=&#8221;60px&#8221; text_orientation=&#8221;center&#8221; hover_enabled=&#8221;0&#8243; global_colors_info=&#8221;{}&#8221; sticky_enabled=&#8221;0&#8243;]<\/p>\n<p>SMV Rib\u00e1u\u00e8<\/p>\n<p>[\/et_pb_text][\/et_pb_column][\/et_pb_row][et_pb_row _builder_version=&#8221;4.27.4&#8243; _module_preset=&#8221;default&#8221; global_colors_info=&#8221;{}&#8221;][et_pb_column type=&#8221;4_4&#8243; _builder_version=&#8221;4.27.4&#8243; _module_preset=&#8221;default&#8221; global_colors_info=&#8221;{}&#8221;][et_pb_text _builder_version=&#8221;4.27.4&#8243; _module_preset=&#8221;default&#8221; text_font=&#8221;Anek Odia||||||||&#8221; text_font_size=&#8221;18px&#8221; text_orientation=&#8221;center&#8221; global_colors_info=&#8221;{}&#8221;]<\/p>\n<p><span>Caro(a) Mun\u00edcipe! A Secretaria Municipal Virtual (SMV) \u00e9 o meio a partir do qual o Conselho Municipal atrav\u00e9s da Secretaria Geral presta servi\u00e7os ao cidad\u00e3o usando ferramentas digitais, isto \u00e9, um mecanismo de atendimento virtual ao cidad\u00e3o e\/ou mun\u00edcipe atrav\u00e9s de Chamadas, SMS, WhatsApp, E-mail e Website<\/span><\/p>\n<p>[\/et_pb_text][\/et_pb_column][\/et_pb_row][et_pb_row column_structure=&#8221;1_3,1_3,1_3&#8243; _builder_version=&#8221;4.27.4&#8243; _module_preset=&#8221;default&#8221; custom_margin=&#8221;||20px||false|false&#8221; global_colors_info=&#8221;{}&#8221;][et_pb_column type=&#8221;1_3&#8243; _builder_version=&#8221;4.27.4&#8243; _module_preset=&#8221;default&#8221; global_colors_info=&#8221;{}&#8221;][et_pb_blurb title=&#8221;Regulariza\u00e7\u00e3o de Terreno (DUAT)&#8221; use_icon=&#8221;on&#8221; font_icon=&#8221;&#x68;||divi||400&#8243; icon_color=&#8221;#2662ac&#8221; icon_placement=&#8221;left&#8221; image_icon_width=&#8221;19px&#8221; _builder_version=&#8221;4.27.4&#8243; _module_preset=&#8221;default&#8221; header_font=&#8221;Anek Odia|700|||||||&#8221; header_font_size=&#8221;18px&#8221; hover_enabled=&#8221;0&#8243; global_colors_info=&#8221;{}&#8221; sticky_enabled=&#8221;0&#8243;][\/et_pb_blurb][et_pb_blurb title=&#8221;Licen\u00e7a de Comercio&#8221; use_icon=&#8221;on&#8221; font_icon=&#8221;&#x68;||divi||400&#8243; icon_color=&#8221;#2662ac&#8221; icon_placement=&#8221;left&#8221; image_icon_width=&#8221;19px&#8221; _builder_version=&#8221;4.27.4&#8243; _module_preset=&#8221;default&#8221; header_font=&#8221;Anek Odia|700|||||||&#8221; header_font_size=&#8221;18px&#8221; hover_enabled=&#8221;0&#8243; global_colors_info=&#8221;{}&#8221; sticky_enabled=&#8221;0&#8243;][\/et_pb_blurb][et_pb_blurb title=&#8221;Atestado de Resid\u00eancia&#8221; use_icon=&#8221;on&#8221; font_icon=&#8221;&#x68;||divi||400&#8243; icon_color=&#8221;#2662ac&#8221; icon_placement=&#8221;left&#8221; image_icon_width=&#8221;19px&#8221; _builder_version=&#8221;4.27.4&#8243; _module_preset=&#8221;default&#8221; header_font=&#8221;Anek Odia|700|||||||&#8221; header_font_size=&#8221;18px&#8221; hover_enabled=&#8221;0&#8243; global_colors_info=&#8221;{}&#8221; sticky_enabled=&#8221;0&#8243;][\/et_pb_blurb][et_pb_blurb title=&#8221;Marca\u00e7\u00e3o de audi\u00eancia&#8221; use_icon=&#8221;on&#8221; font_icon=&#8221;&#x68;||divi||400&#8243; icon_color=&#8221;#2662ac&#8221; icon_placement=&#8221;left&#8221; image_icon_width=&#8221;19px&#8221; _builder_version=&#8221;4.27.4&#8243; _module_preset=&#8221;default&#8221; header_font=&#8221;Anek Odia|700|||||||&#8221; header_font_size=&#8221;18px&#8221; hover_enabled=&#8221;0&#8243; global_colors_info=&#8221;{}&#8221; sticky_enabled=&#8221;0&#8243;][\/et_pb_blurb][\/et_pb_column][et_pb_column type=&#8221;1_3&#8243; _builder_version=&#8221;4.27.4&#8243; _module_preset=&#8221;default&#8221; global_colors_info=&#8221;{}&#8221;][et_pb_blurb title=&#8221;Licen\u00e7a de Constru\u00e7\u00e3o&#8221; use_icon=&#8221;on&#8221; font_icon=&#8221;&#x68;||divi||400&#8243; icon_color=&#8221;#2662ac&#8221; icon_placement=&#8221;left&#8221; image_icon_width=&#8221;19px&#8221; _builder_version=&#8221;4.27.4&#8243; _module_preset=&#8221;default&#8221; header_font=&#8221;Anek Odia|700|||||||&#8221; header_font_size=&#8221;18px&#8221; hover_enabled=&#8221;0&#8243; global_colors_info=&#8221;{}&#8221; sticky_enabled=&#8221;0&#8243;][\/et_pb_blurb][et_pb_blurb title=&#8221; Atestado de pobreza&#8221; use_icon=&#8221;on&#8221; font_icon=&#8221;&#x68;||divi||400&#8243; icon_color=&#8221;#2662ac&#8221; icon_placement=&#8221;left&#8221; image_icon_width=&#8221;19px&#8221; _builder_version=&#8221;4.27.4&#8243; _module_preset=&#8221;default&#8221; header_font=&#8221;Anek Odia|700|||||||&#8221; header_font_size=&#8221;18px&#8221; hover_enabled=&#8221;0&#8243; global_colors_info=&#8221;{}&#8221; sticky_enabled=&#8221;0&#8243;][\/et_pb_blurb][et_pb_blurb title=&#8221;Certid\u00e3o Matricial&#8221; use_icon=&#8221;on&#8221; font_icon=&#8221;&#x68;||divi||400&#8243; icon_color=&#8221;#2662ac&#8221; icon_placement=&#8221;left&#8221; image_icon_width=&#8221;19px&#8221; _builder_version=&#8221;4.27.4&#8243; _module_preset=&#8221;default&#8221; header_font=&#8221;Anek Odia|700|||||||&#8221; header_font_size=&#8221;18px&#8221; hover_enabled=&#8221;0&#8243; global_colors_info=&#8221;{}&#8221; sticky_enabled=&#8221;0&#8243;][\/et_pb_blurb][\/et_pb_column][et_pb_column type=&#8221;1_3&#8243; _builder_version=&#8221;4.27.4&#8243; _module_preset=&#8221;default&#8221; global_colors_info=&#8221;{}&#8221;][et_pb_blurb title=&#8221;Licen\u00e7a de Utiliza\u00e7\u00e3o de Terra&#8221; use_icon=&#8221;on&#8221; font_icon=&#8221;&#x68;||divi||400&#8243; icon_color=&#8221;#2662ac&#8221; icon_placement=&#8221;left&#8221; image_icon_width=&#8221;19px&#8221; _builder_version=&#8221;4.27.4&#8243; _module_preset=&#8221;default&#8221; header_font=&#8221;Anek Odia|700|||||||&#8221; header_font_size=&#8221;18px&#8221; hover_enabled=&#8221;0&#8243; global_colors_info=&#8221;{}&#8221; sticky_enabled=&#8221;0&#8243;][\/et_pb_blurb][et_pb_blurb title=&#8221;Atestado de coabita\u00e7\u00e3o&#8221; use_icon=&#8221;on&#8221; font_icon=&#8221;&#x68;||divi||400&#8243; icon_color=&#8221;#2662ac&#8221; icon_placement=&#8221;left&#8221; image_icon_width=&#8221;19px&#8221; _builder_version=&#8221;4.27.4&#8243; _module_preset=&#8221;default&#8221; header_font=&#8221;Anek Odia|700|||||||&#8221; header_font_size=&#8221;18px&#8221; hover_enabled=&#8221;0&#8243; global_colors_info=&#8221;{}&#8221; sticky_enabled=&#8221;0&#8243;][\/et_pb_blurb][et_pb_blurb title=&#8221;Certid\u00e3o Predial&#8221; use_icon=&#8221;on&#8221; font_icon=&#8221;&#x68;||divi||400&#8243; icon_color=&#8221;#2662ac&#8221; icon_placement=&#8221;left&#8221; image_icon_width=&#8221;19px&#8221; _builder_version=&#8221;4.27.4&#8243; _module_preset=&#8221;default&#8221; header_font=&#8221;Anek Odia|700|||||||&#8221; header_font_size=&#8221;18px&#8221; hover_enabled=&#8221;0&#8243; global_colors_info=&#8221;{}&#8221; sticky_enabled=&#8221;0&#8243;][\/et_pb_blurb][\/et_pb_column][\/et_pb_row][et_pb_row _builder_version=&#8221;4.27.4&#8243; _module_preset=&#8221;default&#8221; global_colors_info=&#8221;{}&#8221;][et_pb_column type=&#8221;4_4&#8243; _builder_version=&#8221;4.27.4&#8243; _module_preset=&#8221;default&#8221; global_colors_info=&#8221;{}&#8221;][et_pb_text _builder_version=&#8221;4.27.4&#8243; _module_preset=&#8221;default&#8221; text_font=&#8221;Anek Odia|700||on|||||&#8221; text_text_color=&#8221;#37a811&#8243; text_font_size=&#8221;64px&#8221; hover_enabled=&#8221;0&#8243; global_colors_info=&#8221;{}&#8221; sticky_enabled=&#8221;0&#8243;]<\/p>\n<p><span>Vantagens da SMV<\/span><\/p>\n<p>[\/et_pb_text][et_pb_divider color=&#8221;#37a811&#8243; divider_weight=&#8221;3px&#8221; _builder_version=&#8221;4.27.4&#8243; _module_preset=&#8221;default&#8221; hover_enabled=&#8221;0&#8243; global_colors_info=&#8221;{}&#8221; sticky_enabled=&#8221;0&#8243;][\/et_pb_divider][\/et_pb_column][\/et_pb_row][et_pb_row column_structure=&#8221;1_3,1_3,1_3&#8243; _builder_version=&#8221;4.27.4&#8243; _module_preset=&#8221;default&#8221; custom_padding=&#8221;57px|||||&#8221; global_colors_info=&#8221;{}&#8221;][et_pb_column type=&#8221;1_3&#8243; _builder_version=&#8221;4.27.4&#8243; _module_preset=&#8221;default&#8221; global_colors_info=&#8221;{}&#8221;][et_pb_image src=&#8221;https:\/\/cmvr.gov.mz\/wp-content\/uploads\/2025\/08\/msv-ribaue-msv-01.png&#8221; title_text=&#8221;msv-ribaue-msv-01&#8243; _builder_version=&#8221;4.27.4&#8243; _module_preset=&#8221;default&#8221; animation_style=&#8221;bounce&#8221; animation_delay=&#8221;20ms&#8221; hover_enabled=&#8221;0&#8243; global_colors_info=&#8221;{}&#8221; sticky_enabled=&#8221;0&#8243;][\/et_pb_image][\/et_pb_column][et_pb_column type=&#8221;1_3&#8243; _builder_version=&#8221;4.27.4&#8243; _module_preset=&#8221;default&#8221; global_colors_info=&#8221;{}&#8221;][et_pb_text _builder_version=&#8221;4.27.4&#8243; _module_preset=&#8221;default&#8221; text_font=&#8221;Anek Odia|700||on|||||&#8221; text_text_color=&#8221;#37a811&#8243; text_font_size=&#8221;21px&#8221; hover_enabled=&#8221;0&#8243; global_colors_info=&#8221;{}&#8221; sticky_enabled=&#8221;0&#8243;]<\/p>\n<p>Facilita o acesso a informa\u00e7\u00e3o<\/p>\n<p>[\/et_pb_text][et_pb_blurb title=&#8221;Poupar tempo e custos com as constantes presen\u00e7as f\u00edsicas no munic\u00edpio.&#8221; use_icon=&#8221;on&#8221; font_icon=&#8221;&#xf00c;||fa||900&#8243; icon_color=&#8221;#37a811&#8243; icon_placement=&#8221;left&#8221; image_icon_width=&#8221;19px&#8221; _builder_version=&#8221;4.27.4&#8243; _module_preset=&#8221;default&#8221; header_font=&#8221;Anek Odia||||||||&#8221; header_font_size=&#8221;18px&#8221; hover_enabled=&#8221;0&#8243; global_colors_info=&#8221;{}&#8221; sticky_enabled=&#8221;0&#8243;][\/et_pb_blurb][et_pb_text _builder_version=&#8221;4.27.4&#8243; _module_preset=&#8221;default&#8221; text_font=&#8221;Anek Odia|700||on|||||&#8221; text_text_color=&#8221;#37a811&#8243; text_font_size=&#8221;21px&#8221; hover_enabled=&#8221;0&#8243; global_colors_info=&#8221;{}&#8221; sticky_enabled=&#8221;0&#8243;]<\/p>\n<p>Eficiente e eficaz<\/p>\n<p>[\/et_pb_text][et_pb_blurb title=&#8221;Solicitar servi\u00e7os e obter respostas em curto prazo de tempo de onde e quando. Ter acesso \u00e0 informa\u00e7\u00e3o em tempo \u00fatil.&#8221; use_icon=&#8221;on&#8221; font_icon=&#8221;&#xf0c0;||fa||900&#8243; icon_color=&#8221;#37a811&#8243; icon_placement=&#8221;left&#8221; image_icon_width=&#8221;19px&#8221; _builder_version=&#8221;4.27.4&#8243; _module_preset=&#8221;default&#8221; header_font=&#8221;Anek Odia||||||||&#8221; header_font_size=&#8221;18px&#8221; hover_enabled=&#8221;0&#8243; global_colors_info=&#8221;{}&#8221; sticky_enabled=&#8221;0&#8243;][\/et_pb_blurb][\/et_pb_column][et_pb_column type=&#8221;1_3&#8243; _builder_version=&#8221;4.27.4&#8243; _module_preset=&#8221;default&#8221; global_colors_info=&#8221;{}&#8221;][et_pb_video src=&#8221;https:\/\/youtu.be\/q6SYREzkXgI?si=GwT7nEJyLdJmBwcV&#8221; _builder_version=&#8221;4.27.4&#8243; _module_preset=&#8221;default&#8221; global_colors_info=&#8221;{}&#8221;][\/et_pb_video][et_pb_blurb title=&#8221;SMV WhatsApp&#8221; use_icon=&#8221;on&#8221; font_icon=&#8221;&#xf232;||fa||400&#8243; icon_color=&#8221;#37a811&#8243; image_icon_background_color=&#8221;RGBA(255,255,255,0)&#8221; icon_placement=&#8221;left&#8221; _builder_version=&#8221;4.27.4&#8243; _module_preset=&#8221;default&#8221; header_font=&#8221;Anek Odia|600||on|||||&#8221; header_text_color=&#8221;#37a811&#8243; header_font_size=&#8221;21px&#8221; body_font=&#8221;Anek Odia||||||||&#8221; body_font_size=&#8221;18px&#8221; hover_enabled=&#8221;0&#8243; global_colors_info=&#8221;{}&#8221; sticky_enabled=&#8221;0&#8243;]<\/p>\n<p>+258 84 00 00 000<\/p>\n<p>[\/et_pb_blurb][et_pb_blurb title=&#8221;E-mail&#8221; use_icon=&#8221;on&#8221; font_icon=&#8221;&#xe076;||divi||400&#8243; icon_color=&#8221;#37a811&#8243; image_icon_background_color=&#8221;RGBA(255,255,255,0)&#8221; icon_placement=&#8221;left&#8221; _builder_version=&#8221;4.27.4&#8243; _module_preset=&#8221;default&#8221; header_font=&#8221;Anek Odia|600||on|||||&#8221; header_text_color=&#8221;#37a811&#8243; header_font_size=&#8221;21px&#8221; body_font=&#8221;Anek Odia||||||||&#8221; body_font_size=&#8221;18px&#8221; hover_enabled=&#8221;0&#8243; global_colors_info=&#8221;{}&#8221; sticky_enabled=&#8221;0&#8243;]<\/p>\n<p>msv@cmvr.gov.mz<\/p>\n<p>[\/et_pb_blurb][\/et_pb_column][\/et_pb_row][\/et_pb_section][et_pb_section fb_built=&#8221;1&#8243; _builder_version=&#8221;4.27.4&#8243; _module_preset=&#8221;default&#8221; background_color=&#8221;#2662ac&#8221; hover_enabled=&#8221;0&#8243; global_colors_info=&#8221;{}&#8221; sticky_enabled=&#8221;0&#8243;][\/et_pb_section]<\/p>\n","protected":false},"excerpt":{"rendered":"<p>+258 84 00 00 000smv@cmvr.gov.mzSMV Rib\u00e1u\u00e8Caro(a) Mun\u00edcipe! A Secretaria Municipal Virtual (SMV) \u00e9 o meio a partir do qual o Conselho Municipal atrav\u00e9s da Secretaria Geral presta servi\u00e7os ao cidad\u00e3o usando ferramentas digitais, isto \u00e9, um mecanismo de atendimento virtual ao cidad\u00e3o e\/ou mun\u00edcipe atrav\u00e9s de Chamadas, SMS, WhatsApp, E-mail e WebsiteVantagens da SMVFacilita o [&hellip;]<\/p>\n","protected":false},"author":1,"featured_media":0,"parent":0,"menu_order":0,"comment_status":"closed","ping_status":"closed","template":"","meta":{"_et_pb_use_builder":"on","_et_pb_old_content":"","_et_gb_content_width":"","footnotes":""},"class_list":["post-26","page","type-page","status-publish","hentry"],"_links":{"self":[{"href":"https:\/\/cmvr.gov.mz\/index.php\/wp-json\/wp\/v2\/pages\/26","targetHints":{"allow":["GET"]}}],"collection":[{"href":"https:\/\/cmvr.gov.mz\/index.php\/wp-json\/wp\/v2\/pages"}],"about":[{"href":"https:\/\/cmvr.gov.mz\/index.php\/wp-json\/wp\/v2\/types\/page"}],"author":[{"embeddable":true,"href":"https:\/\/cmvr.gov.mz\/index.php\/wp-json\/wp\/v2\/users\/1"}],"replies":[{"embeddable":true,"href":"https:\/\/cmvr.gov.mz\/index.php\/wp-json\/wp\/v2\/comments?post=26"}],"version-history":[{"count":11,"href":"https:\/\/cmvr.gov.mz\/index.php\/wp-json\/wp\/v2\/pages\/26\/revisions"}],"predecessor-version":[{"id":246,"href":"https:\/\/cmvr.gov.mz\/index.php\/wp-json\/wp\/v2\/pages\/26\/revisions\/246"}],"wp:attachment":[{"href":"https:\/\/cmvr.gov.mz\/index.php\/wp-json\/wp\/v2\/media?parent=26"}],"curies":[{"name":"wp","href":"https:\/\/api.w.org\/{rel}","templated":true}]}}